{"id":205,"date":"2014-07-09T14:19:10","date_gmt":"2014-07-09T12:19:10","guid":{"rendered":"http:\/\/www1.partybrille.at\/?post_type=product&#038;p=148"},"modified":"2015-07-24T13:39:00","modified_gmt":"2015-07-24T11:39:00","slug":"leider-geil","status":"publish","type":"product","link":"https:\/\/www.promo-szemuveg.hu\/?product=leider-geil","title":{"rendered":"like a boss"},"content":{"rendered":"<div id=\"featurebullets_feature_div\" class=\"feature\" data-feature-name=\"featurebullets\">\n<div id=\"feature-bullets\" class=\"a-section a-spacing-medium a-spacing-top-small\">\n<ul class=\"a-vertical a-spacing-none\">\n<li><span class=\"a-list-item\">100% plasztik<br \/>\n<\/span><\/li>\n<li><span class=\"a-list-item\">fekete lencse <\/span><\/li>\n<li><span class=\"a-list-item\">Modell sz\u00e1ma: pp06<\/span><\/li>\n<li><span class=\"a-list-item\">UV400 napv\u00e9d\u0151<br \/>\n<\/span><\/li>\n<\/ul>\n<\/div>\n<\/div>\n<p><strong>Minden \u00e1r egys\u00e9g\u00e1rak tartalmazza \u00c1FA-t. nem tratalmazza a sz\u00e1ll\u00edt\u00e1st .<\/strong><\/p>\n<p>V\u00e1rhat\u00f3 sz\u00e1ll\u00edt\u00e1si id\u0151 : 3 munkanap<\/p>\n","protected":false},"excerpt":{"rendered":"<p>100% plasztik fekete lencse Modell sz\u00e1ma: pp06 UV400 napv\u00e9d\u0151 Minden \u00e1r egys\u00e9g\u00e1rak tartalmazza \u00c1FA-t. nem tratalmazza a sz\u00e1ll\u00edt\u00e1st . V\u00e1rhat\u00f3 sz\u00e1ll\u00edt\u00e1si id\u0151 : 3 munkanap<\/p>\n","protected":false},"featured_media":127,"template":"","meta":[],"product_cat":[],"product_tag":[],"class_list":{"0":"post-205","1":"product","2":"type-product","3":"status-publish","4":"has-post-thumbnail","7":"first","8":"instock","9":"taxable","10":"shipping-taxable","11":"purchasable","12":"product-type-simple"},"yoast_head":"<!-- This site is optimized with the Yoast SEO plugin v17.6 - https:\/\/yoast.com\/wordpress\/plugins\/seo\/ -->\n<meta name=\"robots\" content=\"index, follow, max-snippet:-1, max-image-preview:large, max-video-preview:-1\" \/>\n<link rel=\"canonical\" href=\"https:\/\/www.promo-szemuveg.hu\/?product=leider-geil\" \/>\n<meta property=\"og:locale\" content=\"en_US\" \/>\n<meta property=\"og:type\" content=\"article\" \/>\n<meta property=\"og:title\" content=\"like a boss - promo-szem\u00fcveg\" \/>\n<meta property=\"og:description\" content=\"100% plasztik fekete lencse Modell sz\u00e1ma: pp06 UV400 napv\u00e9d\u0151 Minden \u00e1r egys\u00e9g\u00e1rak tartalmazza \u00c1FA-t. nem tratalmazza a sz\u00e1ll\u00edt\u00e1st . V\u00e1rhat\u00f3 sz\u00e1ll\u00edt\u00e1si id\u0151 : 3 munkanap\" \/>\n<meta property=\"og:url\" content=\"https:\/\/www.promo-szemuveg.hu\/?product=leider-geil\" \/>\n<meta property=\"og:site_name\" content=\"promo-szem\u00fcveg\" \/>\n<meta property=\"article:modified_time\" content=\"2015-07-24T11:39:00+00:00\" \/>\n<meta property=\"og:image\" content=\"https:\/\/www.promo-szemuveg.hu\/wp-content\/uploads\/2015\/06\/partybrille_likeaboss-scaled.jpg\" \/>\n\t<meta property=\"og:image:width\" content=\"2592\" \/>\n\t<meta property=\"og:image:height\" content=\"1728\" \/>\n<meta name=\"twitter:card\" content=\"summary\" \/>\n<script type=\"application\/ld+json\" class=\"yoast-schema-graph\">{\"@context\":\"https:\/\/schema.org\",\"@graph\":[{\"@type\":\"WebSite\",\"@id\":\"https:\/\/www.promo-szemuveg.hu\/#website\",\"url\":\"https:\/\/www.promo-szemuveg.hu\/\",\"name\":\"promo-szem\\u00fcveg\",\"description\":\"\",\"potentialAction\":[{\"@type\":\"SearchAction\",\"target\":{\"@type\":\"EntryPoint\",\"urlTemplate\":\"https:\/\/www.promo-szemuveg.hu\/?s={search_term_string}\"},\"query-input\":\"required name=search_term_string\"}],\"inLanguage\":\"en-US\"},{\"@type\":\"ImageObject\",\"@id\":\"https:\/\/www.promo-szemuveg.hu\/?product=leider-geil#primaryimage\",\"inLanguage\":\"en-US\",\"url\":\"https:\/\/www.promo-szemuveg.hu\/wp-content\/uploads\/2015\/06\/partybrille_likeaboss-scaled.jpg\",\"contentUrl\":\"https:\/\/www.promo-szemuveg.hu\/wp-content\/uploads\/2015\/06\/partybrille_likeaboss-scaled.jpg\",\"width\":2592,\"height\":1728},{\"@type\":\"WebPage\",\"@id\":\"https:\/\/www.promo-szemuveg.hu\/?product=leider-geil#webpage\",\"url\":\"https:\/\/www.promo-szemuveg.hu\/?product=leider-geil\",\"name\":\"like a boss - promo-szem\\u00fcveg\",\"isPartOf\":{\"@id\":\"https:\/\/www.promo-szemuveg.hu\/#website\"},\"primaryImageOfPage\":{\"@id\":\"https:\/\/www.promo-szemuveg.hu\/?product=leider-geil#primaryimage\"},\"datePublished\":\"2014-07-09T12:19:10+00:00\",\"dateModified\":\"2015-07-24T11:39:00+00:00\",\"breadcrumb\":{\"@id\":\"https:\/\/www.promo-szemuveg.hu\/?product=leider-geil#breadcrumb\"},\"inLanguage\":\"en-US\",\"potentialAction\":[{\"@type\":\"ReadAction\",\"target\":[\"https:\/\/www.promo-szemuveg.hu\/?product=leider-geil\"]}]},{\"@type\":\"BreadcrumbList\",\"@id\":\"https:\/\/www.promo-szemuveg.hu\/?product=leider-geil#breadcrumb\",\"itemListElement\":[{\"@type\":\"ListItem\",\"position\":1,\"name\":\"Home\",\"item\":\"https:\/\/www.promo-szemuveg.hu\/\"},{\"@type\":\"ListItem\",\"position\":2,\"name\":\"Bestseller\",\"item\":\"https:\/\/www.promo-szemuveg.hu\/?page_id=168\"},{\"@type\":\"ListItem\",\"position\":3,\"name\":\"like a boss\"}]}]}<\/script>\n<!-- \/ Yoast SEO plugin. -->","yoast_head_json":{"robots":{"index":"index","follow":"follow","max-snippet":"max-snippet:-1","max-image-preview":"max-image-preview:large","max-video-preview":"max-video-preview:-1"},"canonical":"https:\/\/www.promo-szemuveg.hu\/?product=leider-geil","og_locale":"en_US","og_type":"article","og_title":"like a boss - promo-szem\u00fcveg","og_description":"100% plasztik fekete lencse Modell sz\u00e1ma: pp06 UV400 napv\u00e9d\u0151 Minden \u00e1r egys\u00e9g\u00e1rak tartalmazza \u00c1FA-t. nem tratalmazza a sz\u00e1ll\u00edt\u00e1st . V\u00e1rhat\u00f3 sz\u00e1ll\u00edt\u00e1si id\u0151 : 3 munkanap","og_url":"https:\/\/www.promo-szemuveg.hu\/?product=leider-geil","og_site_name":"promo-szem\u00fcveg","article_modified_time":"2015-07-24T11:39:00+00:00","og_image":[{"width":2592,"height":1728,"url":"https:\/\/www.promo-szemuveg.hu\/wp-content\/uploads\/2015\/06\/partybrille_likeaboss-scaled.jpg","type":"image\/jpeg"}],"twitter_card":"summary","schema":{"@context":"https:\/\/schema.org","@graph":[{"@type":"WebSite","@id":"https:\/\/www.promo-szemuveg.hu\/#website","url":"https:\/\/www.promo-szemuveg.hu\/","name":"promo-szem\u00fcveg","description":"","potentialAction":[{"@type":"SearchAction","target":{"@type":"EntryPoint","urlTemplate":"https:\/\/www.promo-szemuveg.hu\/?s={search_term_string}"},"query-input":"required name=search_term_string"}],"inLanguage":"en-US"},{"@type":"ImageObject","@id":"https:\/\/www.promo-szemuveg.hu\/?product=leider-geil#primaryimage","inLanguage":"en-US","url":"https:\/\/www.promo-szemuveg.hu\/wp-content\/uploads\/2015\/06\/partybrille_likeaboss-scaled.jpg","contentUrl":"https:\/\/www.promo-szemuveg.hu\/wp-content\/uploads\/2015\/06\/partybrille_likeaboss-scaled.jpg","width":2592,"height":1728},{"@type":"WebPage","@id":"https:\/\/www.promo-szemuveg.hu\/?product=leider-geil#webpage","url":"https:\/\/www.promo-szemuveg.hu\/?product=leider-geil","name":"like a boss - promo-szem\u00fcveg","isPartOf":{"@id":"https:\/\/www.promo-szemuveg.hu\/#website"},"primaryImageOfPage":{"@id":"https:\/\/www.promo-szemuveg.hu\/?product=leider-geil#primaryimage"},"datePublished":"2014-07-09T12:19:10+00:00","dateModified":"2015-07-24T11:39:00+00:00","breadcrumb":{"@id":"https:\/\/www.promo-szemuveg.hu\/?product=leider-geil#breadcrumb"},"inLanguage":"en-US","potentialAction":[{"@type":"ReadAction","target":["https:\/\/www.promo-szemuveg.hu\/?product=leider-geil"]}]},{"@type":"BreadcrumbList","@id":"https:\/\/www.promo-szemuveg.hu\/?product=leider-geil#breadcrumb","itemListElement":[{"@type":"ListItem","position":1,"name":"Home","item":"https:\/\/www.promo-szemuveg.hu\/"},{"@type":"ListItem","position":2,"name":"Bestseller","item":"https:\/\/www.promo-szemuveg.hu\/?page_id=168"},{"@type":"ListItem","position":3,"name":"like a boss"}]}]}},"_links":{"self":[{"href":"https:\/\/www.promo-szemuveg.hu\/index.php?rest_route=\/wp\/v2\/product\/205","targetHints":{"allow":["GET"]}}],"collection":[{"href":"https:\/\/www.promo-szemuveg.hu\/index.php?rest_route=\/wp\/v2\/product"}],"about":[{"href":"https:\/\/www.promo-szemuveg.hu\/index.php?rest_route=\/wp\/v2\/types\/product"}],"wp:featuredmedia":[{"embeddable":true,"href":"https:\/\/www.promo-szemuveg.hu\/index.php?rest_route=\/wp\/v2\/media\/127"}],"wp:attachment":[{"href":"https:\/\/www.promo-szemuveg.hu\/index.php?rest_route=%2Fwp%2Fv2%2Fmedia&parent=205"}],"wp:term":[{"taxonomy":"product_cat","embeddable":true,"href":"https:\/\/www.promo-szemuveg.hu\/index.php?rest_route=%2Fwp%2Fv2%2Fproduct_cat&post=205"},{"taxonomy":"product_tag","embeddable":true,"href":"https:\/\/www.promo-szemuveg.hu\/index.php?rest_route=%2Fwp%2Fv2%2Fproduct_tag&post=205"}],"curies":[{"name":"wp","href":"https:\/\/api.w.org\/{rel}","templated":true}]}}