{"id":175,"date":"2015-06-29T15:21:57","date_gmt":"2015-06-29T13:21:57","guid":{"rendered":"http:\/\/www.promo-szemuveg.hu\/?page_id=175"},"modified":"2020-08-01T18:15:23","modified_gmt":"2020-08-01T16:15:23","slug":"impressum","status":"publish","type":"page","link":"https:\/\/www.promo-szemuveg.hu\/?page_id=175","title":{"rendered":"Impresszum"},"content":{"rendered":"<p>promo-szemuveg.hu<\/p>\n<p>PromoKaiser OG<br \/>\nc\/o Factory 300<br \/>\nPeter-Behrens-Platz 10<br \/>\n4020 Linz<\/p>\n<p>\u00d6sterreich \/ Austria \/ Ausztria<\/p>\n<p>FEEL Events OG FN: 389200 d<\/p>\n<p>Web: www.promo-szemuveg.hu<br \/>\nE-Mail: office@promo-szemuveg.hu<\/p>\n<p>Telefonos kapcsolat:<\/p>\n<p>+49 \/ (0)176 \/ 88095709 (Michael Thurner)<\/p>\n<p>+43 \/ (0)699 \/ 12050859 (Karl Weixelbaumer)<\/p>\n<p>\u00dcgyvezet\u0151 igazgat\u00f3 \/ vez\u00e9rigazgat\u00f3: Michael Thurner, Karl Weixelbaumer, Wolfram Niedermayr<br \/>\nJoghat\u00f3s\u00e1g: Linz, \u00d6sterreich\/Austria\/Au8sztria<\/p>\n<p>\u00dcgyf\u00e9lszolg\u00e1latunkat k\u00e9rd\u00e9seivel, k\u00e9r\u00e9seivel, panaszaival az office@promo-szemuveg e-mail c\u00edmen \u00e9rheti el.<\/p>\n<p>Minden adat, sz\u00f6veg \u00e9s k\u00e9p a promo-szemuveg.hu vagy \u00fczleti partnerei tulajdon\u00e1ban van. Kereskedelmi c\u00e9l\u00fa haszn\u00e1latuk tilos.<\/p>\n<p>&nbsp;<\/p>\n","protected":false},"excerpt":{"rendered":"<p>promo-szemuveg.hu PromoKaiser OG c\/o Factory 300 Peter-Behrens-Platz 10 4020 Linz \u00d6sterreich \/ Austria \/ Ausztria FEEL Events OG FN: 389200 d Web: www.promo-szemuveg.hu E-Mail: office@promo-szemuveg.hu Telefonos kapcsolat: +49 \/ (0)176 \/ 88095709 (Michael Thurner) +43 \/ (0)699 \/ 12050859 (Karl Weixelbaumer) \u00dcgyvezet\u0151 igazgat\u00f3 \/ vez\u00e9rigazgat\u00f3: Michael Thurner, Karl Weixelbaumer, Wolfram Niedermayr Joghat\u00f3s\u00e1g: Linz, \u00d6sterreich\/Austria\/Au8sztria \u00dcgyf\u00e9lszolg\u00e1latunkat<\/p>\n","protected":false},"author":1,"featured_media":0,"parent":0,"menu_order":0,"comment_status":"closed","ping_status":"closed","template":"","meta":{"footnotes":""},"class_list":["post-175","page","type-page","status-publish","hentry"],"yoast_head":"<!-- This site is optimized with the Yoast SEO plugin v17.6 - https:\/\/yoast.com\/wordpress\/plugins\/seo\/ -->\n<meta name=\"robots\" content=\"index, follow, max-snippet:-1, max-image-preview:large, max-video-preview:-1\" \/>\n<link rel=\"canonical\" href=\"https:\/\/www.promo-szemuveg.hu\/?page_id=175\" \/>\n<meta property=\"og:locale\" content=\"en_US\" \/>\n<meta property=\"og:type\" content=\"article\" \/>\n<meta property=\"og:title\" content=\"Impresszum - promo-szem\u00fcveg\" \/>\n<meta property=\"og:description\" content=\"promo-szemuveg.hu PromoKaiser OG c\/o Factory 300 Peter-Behrens-Platz 10 4020 Linz \u00d6sterreich \/ Austria \/ Ausztria FEEL Events OG FN: 389200 d Web: www.promo-szemuveg.hu E-Mail: office@promo-szemuveg.hu Telefonos kapcsolat: +49 \/ (0)176 \/ 88095709 (Michael Thurner) +43 \/ (0)699 \/ 12050859 (Karl Weixelbaumer) \u00dcgyvezet\u0151 igazgat\u00f3 \/ vez\u00e9rigazgat\u00f3: Michael Thurner, Karl Weixelbaumer, Wolfram Niedermayr Joghat\u00f3s\u00e1g: Linz, \u00d6sterreich\/Austria\/Au8sztria \u00dcgyf\u00e9lszolg\u00e1latunkat\" \/>\n<meta property=\"og:url\" content=\"https:\/\/www.promo-szemuveg.hu\/?page_id=175\" \/>\n<meta property=\"og:site_name\" content=\"promo-szem\u00fcveg\" \/>\n<meta property=\"article:modified_time\" content=\"2020-08-01T16:15:23+00:00\" \/>\n<meta name=\"twitter:card\" content=\"summary\" \/>\n<script type=\"application\/ld+json\" class=\"yoast-schema-graph\">{\"@context\":\"https:\/\/schema.org\",\"@graph\":[{\"@type\":\"WebSite\",\"@id\":\"https:\/\/www.promo-szemuveg.hu\/#website\",\"url\":\"https:\/\/www.promo-szemuveg.hu\/\",\"name\":\"promo-szem\\u00fcveg\",\"description\":\"\",\"potentialAction\":[{\"@type\":\"SearchAction\",\"target\":{\"@type\":\"EntryPoint\",\"urlTemplate\":\"https:\/\/www.promo-szemuveg.hu\/?s={search_term_string}\"},\"query-input\":\"required name=search_term_string\"}],\"inLanguage\":\"en-US\"},{\"@type\":\"WebPage\",\"@id\":\"https:\/\/www.promo-szemuveg.hu\/?page_id=175#webpage\",\"url\":\"https:\/\/www.promo-szemuveg.hu\/?page_id=175\",\"name\":\"Impresszum - promo-szem\\u00fcveg\",\"isPartOf\":{\"@id\":\"https:\/\/www.promo-szemuveg.hu\/#website\"},\"datePublished\":\"2015-06-29T13:21:57+00:00\",\"dateModified\":\"2020-08-01T16:15:23+00:00\",\"breadcrumb\":{\"@id\":\"https:\/\/www.promo-szemuveg.hu\/?page_id=175#breadcrumb\"},\"inLanguage\":\"en-US\",\"potentialAction\":[{\"@type\":\"ReadAction\",\"target\":[\"https:\/\/www.promo-szemuveg.hu\/?page_id=175\"]}]},{\"@type\":\"BreadcrumbList\",\"@id\":\"https:\/\/www.promo-szemuveg.hu\/?page_id=175#breadcrumb\",\"itemListElement\":[{\"@type\":\"ListItem\",\"position\":1,\"name\":\"Home\",\"item\":\"https:\/\/www.promo-szemuveg.hu\/\"},{\"@type\":\"ListItem\",\"position\":2,\"name\":\"Impresszum\"}]}]}<\/script>\n<!-- \/ Yoast SEO plugin. -->","yoast_head_json":{"robots":{"index":"index","follow":"follow","max-snippet":"max-snippet:-1","max-image-preview":"max-image-preview:large","max-video-preview":"max-video-preview:-1"},"canonical":"https:\/\/www.promo-szemuveg.hu\/?page_id=175","og_locale":"en_US","og_type":"article","og_title":"Impresszum - promo-szem\u00fcveg","og_description":"promo-szemuveg.hu PromoKaiser OG c\/o Factory 300 Peter-Behrens-Platz 10 4020 Linz \u00d6sterreich \/ Austria \/ Ausztria FEEL Events OG FN: 389200 d Web: www.promo-szemuveg.hu E-Mail: office@promo-szemuveg.hu Telefonos kapcsolat: +49 \/ (0)176 \/ 88095709 (Michael Thurner) +43 \/ (0)699 \/ 12050859 (Karl Weixelbaumer) \u00dcgyvezet\u0151 igazgat\u00f3 \/ vez\u00e9rigazgat\u00f3: Michael Thurner, Karl Weixelbaumer, Wolfram Niedermayr Joghat\u00f3s\u00e1g: Linz, \u00d6sterreich\/Austria\/Au8sztria \u00dcgyf\u00e9lszolg\u00e1latunkat","og_url":"https:\/\/www.promo-szemuveg.hu\/?page_id=175","og_site_name":"promo-szem\u00fcveg","article_modified_time":"2020-08-01T16:15:23+00:00","twitter_card":"summary","schema":{"@context":"https:\/\/schema.org","@graph":[{"@type":"WebSite","@id":"https:\/\/www.promo-szemuveg.hu\/#website","url":"https:\/\/www.promo-szemuveg.hu\/","name":"promo-szem\u00fcveg","description":"","potentialAction":[{"@type":"SearchAction","target":{"@type":"EntryPoint","urlTemplate":"https:\/\/www.promo-szemuveg.hu\/?s={search_term_string}"},"query-input":"required name=search_term_string"}],"inLanguage":"en-US"},{"@type":"WebPage","@id":"https:\/\/www.promo-szemuveg.hu\/?page_id=175#webpage","url":"https:\/\/www.promo-szemuveg.hu\/?page_id=175","name":"Impresszum - promo-szem\u00fcveg","isPartOf":{"@id":"https:\/\/www.promo-szemuveg.hu\/#website"},"datePublished":"2015-06-29T13:21:57+00:00","dateModified":"2020-08-01T16:15:23+00:00","breadcrumb":{"@id":"https:\/\/www.promo-szemuveg.hu\/?page_id=175#breadcrumb"},"inLanguage":"en-US","potentialAction":[{"@type":"ReadAction","target":["https:\/\/www.promo-szemuveg.hu\/?page_id=175"]}]},{"@type":"BreadcrumbList","@id":"https:\/\/www.promo-szemuveg.hu\/?page_id=175#breadcrumb","itemListElement":[{"@type":"ListItem","position":1,"name":"Home","item":"https:\/\/www.promo-szemuveg.hu\/"},{"@type":"ListItem","position":2,"name":"Impresszum"}]}]}},"_links":{"self":[{"href":"https:\/\/www.promo-szemuveg.hu\/index.php?rest_route=\/wp\/v2\/pages\/175","targetHints":{"allow":["GET"]}}],"collection":[{"href":"https:\/\/www.promo-szemuveg.hu\/index.php?rest_route=\/wp\/v2\/pages"}],"about":[{"href":"https:\/\/www.promo-szemuveg.hu\/index.php?rest_route=\/wp\/v2\/types\/page"}],"author":[{"embeddable":true,"href":"https:\/\/www.promo-szemuveg.hu\/index.php?rest_route=\/wp\/v2\/users\/1"}],"replies":[{"embeddable":true,"href":"https:\/\/www.promo-szemuveg.hu\/index.php?rest_route=%2Fwp%2Fv2%2Fcomments&post=175"}],"version-history":[{"count":6,"href":"https:\/\/www.promo-szemuveg.hu\/index.php?rest_route=\/wp\/v2\/pages\/175\/revisions"}],"predecessor-version":[{"id":775,"href":"https:\/\/www.promo-szemuveg.hu\/index.php?rest_route=\/wp\/v2\/pages\/175\/revisions\/775"}],"wp:attachment":[{"href":"https:\/\/www.promo-szemuveg.hu\/index.php?rest_route=%2Fwp%2Fv2%2Fmedia&parent=175"}],"curies":[{"name":"wp","href":"https:\/\/api.w.org\/{rel}","templated":true}]}}