{"id":172,"date":"2015-06-29T15:19:08","date_gmt":"2015-06-29T13:19:08","guid":{"rendered":"http:\/\/www.promo-szemuveg.hu\/?page_id=172"},"modified":"2015-07-14T16:19:02","modified_gmt":"2015-07-14T14:19:02","slug":"agb","status":"publish","type":"page","link":"https:\/\/www.promo-szemuveg.hu\/?page_id=172","title":{"rendered":"Felt\u00e9telek"},"content":{"rendered":"<p><strong> 1. Allgemeines<\/strong><\/p>\n<p>Alle Angebote und Leistungen, die von www.promo-szemuveg.hu f\u00fcr den Kunden erbracht werden, sowie die Nutzung der Website www.promo-szemuveg.hu und alle zu dieser Domain geh\u00f6renden Subdomains, erfolgen ausschlie\u00dflich auf der Grundlage der nachfolgenden Allgemeinen Gesch\u00e4ftsbedingungen. Abweichende Regelungen haben nur dann Geltung, wenn sie zwischen dem\u00a0Verk\u00e4ufer und dem Kunden schriftlich vereinbart wurden.<\/p>\n<p><strong> 2. Vertragsschluss im Onlineshop<\/strong><\/p>\n<p>Die Angebote des Onlineshops www.promo-szemuveg.hu im Internet stellen eine unverbindliche Aufforderung an den Kunden dar, Waren zu bestellen.<\/p>\n<p>Durch die Bestellung der gew\u00fcnschten Waren im Internet gibt der Kunde ein verbindliches Angebot auf Abschluss eines Kaufvertrages ab.<\/p>\n<p><strong>3. Lieferung<\/strong><\/p>\n<p>Die Lieferung erfolgt durch Sendung der Ware an die vom Kunden mitgeteilte Adresse gegen die angegebenen Verpackungs- und Versandkosten. W\u00fcnscht der Kunde eine spezielle Art der Versendung, die mit Mehrkosten verbunden ist, so hat er diese zu tragen.<\/p>\n<p>Die Lieferung erfolgt innerhalb \u00d6sterreichs und Europa.<\/p>\n<p>Die Lieferzeit bei Einzelbestellungen aus unserem Shop betr\u00e4gt 5 Werktage. Bitte bedenken sie, dass eine \u00dcberweisung in der Regel 3-5 Werktage dauert. Erst nach Zahlungseingang wird die Ware an den K\u00e4ufer versendet.<\/p>\n<p>Die Lieferzeiten f\u00fcr jedes Produkt variieren, deshalb entnehmen sie bitte die Lieferzeiten f\u00fcr das jeweilige Produkt in der Produktbeschreibung.<\/p>\n<p>Beim Kauf eines Gutscheines gelten aufgrund der gro\u00dfen Nachfrage diese Lieferzeiten nicht. Sie k\u00f6nnen sich entsprechend verl\u00e4ngern. Au\u00dferdem gilt die Lieferzeit erst nach Einl\u00f6sen des Gutscheines, da uns vorher keine Daten zur Verf\u00fcgung stehen.<\/p>\n<p>Bei Lieferungsverz\u00f6gerungen, wie z.B. durch h\u00f6here Gewalt, Verkehrsst\u00f6rungen und Verf\u00fcgungen von hoher Hand sowie sonstige von dem Verk\u00e4ufer nicht zu vertretende Ereignisse, kann kein Schadensersatzanspruch gegen uns erhoben werden.<\/p>\n<p><strong>Lieferzeit, Produkt\u00e4nderungen<\/strong><br \/>\n1. Angaben \u00fcber Lieferzeiten beruhen auf den Angaben der Lieferanten bzw. Hersteller der Firma promo-szemuveg.hu und sind unverbindlich. Die Firma promo-szemuveg.hu \u00fcbernimmt kein Beschaffungsrisiko.<\/p>\n<p>2. Firma promo-szemuveg.hu ist berechtigt, vom Vertrag zur\u00fcckzutreten, soweit sie trotz des vorherigen Abschlusses eines entsprechenden Einkaufsvertrages mit dem Zulieferer den Liefergegenstand nicht erh\u00e4lt. Dies gilt nur f\u00fcr den Fall, dass die Nichtlieferung nicht von der Firma promo-szemuveg.hu zu vertreten ist, insbesondere bei Abschluss eines kongruenten Deckungsgesch\u00e4ftes mit ihrem Zulieferer.<\/p>\n<p>3. Etwaige unvorhersehbare Ereignisse, wie Betriebsst\u00f6rungen, Arbeitsk\u00e4mpfe, milit\u00e4rische Auseinandersetzungen oder Vergleichbares \u2013 auch bei Lieferanten und Herstellern der Firma promo-szemuveg.hu \u2013 die auf die Lieferung der vereinbarten Waren oder vereinbarten Preise nachteilig einwirken, entbinden die Firma promo-szemuveg.hu von jedweder Lieferungsverpflichtung und berechtigen die Firma promo-szemuveg.hu zum R\u00fccktritt vom Vertrag. Der Kunde wird in diesen F\u00e4llen der Nichtverf\u00fcgbarkeit der Leistung unverz\u00fcglich informiert, die Gegenleistung unverz\u00fcglich zur\u00fcckerstattet.<br \/>\n4. Im Falle von Produkt\u00e4nderungen bestellter Waren berechtigt die Firma promo-szemuveg.hu zum R\u00fccktritt vom Kaufvertrag, sofern ihr die Produkt\u00e4nderungen bei Abschluss mit dem Besteller nicht bekannt waren.<br \/>\n5. Geringf\u00fcgige Abweichungen technischer und optischer Art, wie Form, Farbe und\/ oder Gewicht der vereinbarten Produkte zu den Vertragsunterlagen auf Grund herstellerabh\u00e4ngiger Einwirkungen beh\u00e4lt sich die Firma promo-szemuveg.hu im Rahmen des Zumutbaren vor. Der Kunde kann daraus keinen Anspruch auf R\u00fccktritt herleiten.<\/p>\n<p><strong> 4. Verpackungs- und Versandkosten<\/strong><\/p>\n<p>Verpackungs und Versandkosten: EUR 9,90 inkl. MwSt. Gratisversand ab einem Warenwert von EUR 40 inkl. MwSt Die Versandkosten gelten immer f\u00fcr den Versand in Deutschland.<\/p>\n<p><strong>5. Zahlung, Zahlungsverzug und Eigentumsvorbehalt<\/strong><\/p>\n<p>(1) Der Kunde zahlt grunds\u00e4tzlich per Vorkasse \u00dcberweisung oder per PayPal. Der Verk\u00e4ufer beh\u00e4lt sich jedoch das Recht vor, einzelne Zahlungsarten auszuschlie\u00dfen. Ma\u00dfgeblich sind die n\u00e4heren Angaben innerhalb der Angebotsseite.<\/p>\n<p>(2) Der Kunde verpflichtet sich, alle Rechnungsbetr\u00e4ge sp\u00e4testens 10 Tage nach Rechnungsdatum ohne Abzug zu zahlen; ma\u00dfgeblich ist dabei der Eingang des Betrages bei der von dem Verk\u00e4ufer vorgesehenen Zahlstelle. Nach erfolglosem Ablauf der Frist kommt der Kunde in Zahlungsverzug.<\/p>\n<p>(3) Der Verk\u00e4ufer ist berechtigt, bei vertragswidrigem Verhalten des Kunden, insbesondere bei Zahlungsverzug vom Vertrag zur\u00fcckzutreten und die Ware anderweitig zu verkaufen.<\/p>\n<p>Bis zur vollst\u00e4ndigen Bezahlung bleiben die gelieferten Waren Eigentum des\u00a0Verk\u00e4ufers. Vor Eigentums\u00fcbertragung ist eine Verf\u00fcgung, insbesondere eine Verpf\u00e4ndung, Sicherungs\u00fcbereignung, Verarbeitung oder Umgestaltung ohne ausdr\u00fcckliche Einwilligung des\u00a0Verk\u00e4ufers nicht zul\u00e4ssig. Bei \u00dcberschreiten der vereinbarten Zahlungsfristen m\u00fcssen wir Mahn- und Bearbeitungsgeb\u00fchren berechnen.<\/p>\n<p>Ger\u00e4t der Kunde mit der Zahlung in Verzug, so fallen Zinsen in gesetzlich festgelegter H\u00f6he an.<\/p>\n<p><strong>6. Preise<\/strong><\/p>\n<p>Die Preise der angegebenen Waren sind Endpreise. Sie enthalten 20% gesetzliche MwSt.\u00a0 Sie beinhalten nicht die Verpackungs- und Versandkosten (siehe Nr. 4) (sofern nicht ausdr\u00fccklich anderweitig angegeben).<\/p>\n<p><strong>7. R\u00fccktritt<\/strong><\/p>\n<p>Der\u00a0Verk\u00e4ufer beh\u00e4lt sich das Recht vor, vom Vertrag zur\u00fcckzutreten, wenn falsche Angaben \u00fcber die Kreditw\u00fcrdigkeit des Kunden gemacht wurden oder die Zahlungsf\u00e4higkeit des Kunden aufgrund objektiver Gr\u00fcnde angezweifelt werden muss.<\/p>\n<p><strong>Widerrufsbelehrung,\u00a0Widerrufsrecht<\/strong><\/p>\n<p>Es handelt sich bei diesem Vertrag um ein Fernabsatzgesch\u00e4ft gem\u00e4\u00df \u00a7 5a Abs 2 KSchG (Konsumentenschutzgesetz), da der der Vertrag unter ausschlie\u00dflicher Zuhilfenahme fernkommunikationstauglicher Mittel (dies sind alle Kommunikationsmittel, die zum Abschluss eines Vertrags ohne gleichzeitige k\u00f6rperliche Anwesenheit der Parteien verwendet werden k\u00f6nnen, wie etwa Katalogbestellungen, Teleshopping sowie \u00f6ffentlich zug\u00e4ngliche elektronische Medien, die eine individuelle Kommunikation erm\u00f6glichen, wie etwa die elektronische Post) zustande kommt.<\/p>\n<p>Sie k\u00f6nnen Ihre Vertragserkl\u00e4rung innerhalb von 14 Tagen ohne Angabe von Gr\u00fcnden in Textform (z.B. Brief, Fax, E-Mail) oder \u2013 wenn Ihnen die Sache vor Fristablauf \u00fcberlassen wird \u2013 auch durch R\u00fccksendung der Sache widerrufen. Die Frist beginnt nach Erhalt dieser Belehrung in Textform, jedoch nicht vor Eingang der Ware beim Empf\u00e4nger (bei der wiederkehrenden Lieferung gleichartiger Waren nicht vor Eingang der ersten Teillieferung) und auch nicht vor Erf\u00fcllung unserer Informationspflichten gem\u00e4\u00df \u00a7 5d Abs 1 und 2 KSchG in Verbindung mit \u00a7 5c Abs 1 Z1 bis 6, \u00a7 5e KSchG und \u00a7 5f Z 1 KSchG. Zur Wahrung der Widerrufsfrist gen\u00fcgt die rechtzeitige Absendung des Widerrufs oder der Sache<\/p>\n<p>Der Widerruf ist mit der kosteng\u00fcnstigsten Variante zu richten an:<\/p>\n<p>promo-szemuveg.hu, Feel Events OG, Hafenstrasse 1-3, 4020 Linz, \u00d6sterreich<\/p>\n<p>e-mail: office@promo-szemuveg.hu<\/p>\n<p>Vor der R\u00fccksendung der Ware muss der Versand und die Abwicklung mit promo-szemuveg.hu im vor hinein abgekl\u00e4rt werden.<\/p>\n<p>Sollte nicht die kosteng\u00fcnstigste Variante gew\u00e4hlt werden beh\u00e4lt sich promo-szemuveg.hu das Recht vor, die Ware nicht anzunehmen bzw. muss der K\u00e4ufer\u00a0 die vollen Versandkosten tragen.<\/p>\n<p>Internetadresse: www.promo-szemuveg.hu<\/p>\n<p><strong>Widerrufsfolgen<\/strong><br \/>\nIm Falle eines wirksamen Widerrufs sind die beiderseits empfangenen Leistungen zur\u00fcckzugew\u00e4hren und ggf. gezogene Nutzungen (z.B. Zinsen) herauszugeben. K\u00f6nnen Sie uns die empfangene Leistung sowie Nutzungen (z.B. Gebrauchsvorteile) nicht oder teilweise nicht oder nur in verschlechtertem Zustand zur\u00fcckgew\u00e4hren beziehungsweise herausgeben, m\u00fcssen Sie uns insoweit Wertersatz leisten. F\u00fcr die Verschlechterung der Sache und f\u00fcr gezogene Nutzungen m\u00fcssen Sie Wertersatz nur leisten, soweit die Nutzungen oder die Verschlechterung auf einen Umgang mit der Sache zur\u00fcckzuf\u00fchren ist, der \u00fcber die Pr\u00fcfung der Eigenschaften und der Funktionsweise hinausgeht. Unter \u201cPr\u00fcfung der Eigenschaften und der Funktionsweise\u201d versteht man das Testen und Ausprobieren der jeweiligen Ware, wie es etwa im Ladengesch\u00e4ft m\u00f6glich und \u00fcblich ist. Paketversandf\u00e4hige Sachen sind auf unsere Gefahr zur\u00fcckzusenden.<\/p>\n<p>Sie haben die regelm\u00e4\u00dfigen Kosten der R\u00fccksendung zu tragen, wenn die gelieferte Ware der bestellten entspricht und wenn der Preis der zur\u00fcckzusendenden Sache einen Betrag von 40 Euro nicht \u00fcbersteigt oder wenn Sie bei einem h\u00f6heren Preis der Sache zum Zeitpunkt des Widerrufs noch nicht die Gegenleistung oder eine vertraglich vereinbarte Teilzahlung erbracht haben. Andernfalls ist die R\u00fccksendung f\u00fcr Sie kostenfrei. Nicht paketversandf\u00e4hige Sachen werden bei Ihnen abgeholt. Verpflichtungen zur Erstattung von Zahlungen m\u00fcssen innerhalb von 30 Tagen erf\u00fcllt werden. Die Frist beginnt f\u00fcr Sie mit der Absendung Ihrer Widerrufserkl\u00e4rung oder der Sache, f\u00fcr uns mit deren Empfang.<\/p>\n<p>Ende der Widerrufsbelehrung<\/p>\n<p>Ausschluss des Widerrufsrechts Das Widerrufsrecht besteht<\/p>\n<ol>\n<li>nicht bei Fernabsatzvertr\u00e4gen zur Lieferung von Waren, die nach Kundenspezifikation angefertigt werden oder eindeutig auf die pers\u00f6nlichen Bed\u00fcrfnisse zugeschnitten sind oder die auf Grund ihrer Beschaffenheit nicht f\u00fcr eine R\u00fccksendung geeignet sind oder schnell verderben k\u00f6nnen oder deren Verfalldatum \u00fcberschritten w\u00fcrde,<\/li>\n<li>nicht bei Fernabsatzvertr\u00e4gen zur Lieferung von Audio- oder Videoaufzeichnungen oder von Software, sofern die gelieferten Datentr\u00e4ger von Ihnen entsiegelt worden sind,<\/li>\n<li>nicht bei Fernabsatzvertr\u00e4gen zur Lieferung von Zeitungen, Zeitschriften und Illustrierten, es sei denn, dass Sie Ihre Vertragserkl\u00e4rung telefonisch abgegeben haben.<\/li>\n<\/ol>\n<p><strong>9. Gew\u00e4hrleistung<\/strong><\/p>\n<p>Es gelten die gesetzlichen Regelungen \u00fcber die Gew\u00e4hrleistung. Sollten Transportsch\u00e4den an der Ware festgestellt werden, hat der Empf\u00e4nger\/Kunde unverz\u00fcglich Schadensmeldung gegen\u00fcber dem Frachtf\u00fchrer (Versanddienst) zu machen. Sonstige erkennbare Transportsch\u00e4den sind sp\u00e4testens innerhalb von 14 Tagen nach Erhalt der Ware dem Onlineshop www.promo-szemuveg.hu gegen\u00fcber schriftlich geltend zu machen. Der Onlineshop www.promo-szemuveg.hu haftet nicht f\u00fcr M\u00e4ngel, die infolge fehlerhafter Handhabung, normaler Abnutzung oder durch Fremdeinwirkung entstanden sind. Bei Reparaturen an der Ware in Eigenleistung oder durch Dritte ohne schriftliches Einverst\u00e4ndnis erlischt der Gew\u00e4hrleistungsanspruch an den Verk\u00e4ufer.<\/p>\n<p><strong>10. Muster-Widerrufsformular<\/strong><\/p>\n<p>Muster-Widerrufsformular (Wenn Sie den Vertrag widerrufen wollen, dann f\u00fcllen Sie bitte dieses Formular aus und senden Sie es zur\u00fcck.)<\/p>\n<p>An Promo-Brille.at, Feel Events OG, Hafenstrasse 1-3, 4020 Linz, \u00d6sterreich, Telefon: +43 \/(0)664 5437833 Email: office@promo-szemuveg.hu:<\/p>\n<p>Hiermit widerrufe(n) ich\/wir (*) den von mir\/uns (*) abgeschlossenen Vertrag \u00fcber den Kauf der folgenden Waren (*)\/die Erbringung der folgenden Dienstleistung (*)Bestellt am (*)\/erhalten am (*) Name des\/der Verbraucher(s) Anschrift des\/der Verbraucher(s) Unterschrift des\/der Verbraucher(s) (nur bei Mitteilung auf Papier) Datum (*) Unzutreffendes streichen<\/p>\n<p><strong>11. Haftungsbeschr\u00e4nkung<\/strong><\/p>\n<p>Soweit sich nachstehend nichts anderes ergibt, sind weitergehende Anspr\u00fcche des Kunden, gleich aus welchen Rechtsgr\u00fcnden,\u00a0 ausgeschlossen. Der Verk\u00e4ufer haftet deshalb nicht f\u00fcr Sch\u00e4den, die nicht am Liefergegenstand selbst entstanden sind; insbesondere haftet der Verk\u00e4ufer nicht f\u00fcr den entgangenen Gewinn oder f\u00fcr sonstige Verm\u00f6genssch\u00e4den des Kunden. Soweit die vertragliche Haftung vom\u00a0Verk\u00e4ufer ausgeschlossen oder beschr\u00e4nkt ist, gilt dies auch f\u00fcr die pers\u00f6nliche Haftung von Arbeitnehmern, Vertretern und Erf\u00fcllungsgehilfen.<\/p>\n<p>Vorstehende Haftungsbeschr\u00e4nkung gilt nicht, soweit die Schadensursache auf Vorsatz oder grober Fahrl\u00e4ssigkeit beruht oder ein Personenschaden vorliegt. Sie gilt ferner dann nicht, wenn der Besteller gesetzlich geregelte Anspr\u00fcche geltend macht. Die Bestimmungen des Produkthaftungsgesetzes bleiben hiervon unber\u00fchrt.<\/p>\n<p>Sofern der Verk\u00e4ufer fahrl\u00e4ssig eine vertragswesentliche Pflicht verletzt, ist die Ersatzpflicht f\u00fcr Sachsch\u00e4den auf den typischerweise entstehenden Schaden beschr\u00e4nkt.<\/p>\n<p>Ist die Nacherf\u00fcllung im Wege der Ersatzlieferung erfolgt, ist der Besteller dazu verpflichtet, die zuerst gelieferte Ware innerhalb von 30 Tagen an den Verk\u00e4ufer auf Kosten desselben zur\u00fcckzusenden.<\/p>\n<p>Die R\u00fccksendung der mangelhaften Ware hat nach den gesetzlichen Vorschriften zu erfolgen. Der\u00a0Verk\u00e4ufer beh\u00e4lt sich vor, unter den gesetzlich geregelten Voraussetzungen Schadensersatz geltend zu machen.<\/p>\n<p>Die Verj\u00e4hrungsfrist betr\u00e4gt zwei Jahre. Fristbeginn erfolgt mit Lieferung der Sache.<\/p>\n<p><strong>12. Datenschutz<\/strong><\/p>\n<p>Die von Ihnen \u00fcbermittelten Daten werden von uns ausschlie\u00dflich zur Abwicklung Ihrer Bestellungen verwendet. Alle Ihre Daten werden von uns streng vertraulich behandelt. Eine Weitergabe der Daten an Dritte (z.B. Versanddienste) erfolgt von uns nur, sofern dies f\u00fcr die Auftragsabwicklung erforderlich ist. Die Bestelldaten werden verschl\u00fcsselt und gesichert \u00fcbertragen. Wir \u00fcbernehmen jedoch keine Haftung f\u00fcr die Datensicherheit w\u00e4hrend dieser \u00dcbertragungen \u00fcber das Internet (z.B. wegen technischer Fehler des Providers) oder f\u00fcr einen eventuellen kriminellen Zugriff Dritter auf Dateien unserer Internetpr\u00e4senz. Zugangsdaten f\u00fcr den Kunden-Login, die auf Wunsch des Kunden an diesen \u00fcbermittelt werden, sind vom Kunden streng vertraulich zu behandeln, da wir keinerlei Verantwortung f\u00fcr die Nutzung und Verwendung dieser Daten \u00fcbernehmen.<\/p>\n<p>Der Kunde erkl\u00e4rt sich hiermit mit der Weitergabe seiner pers\u00f6nlichen Daten, im Zuge des Bestellvorgangs an beauftragte Dritte (Spediteur) einverstanden.<\/p>\n<p><strong>13. Copyright<\/strong><\/p>\n<p>Alle dargestellten Fremdlogos, Bilder und Grafiken sind Eigentum der entsprechenden Firmen und unterliegen dem Copyright der entsprechenden Lizenzgeber. S\u00e4mtliche auf diesen Seiten dargestellten Fotos, Logos, Texte, Berichte, Scripte und Programmierroutinen, welche Eigenentwicklungen von uns sind oder von uns aufbereitet wurden, d\u00fcrfen nicht ohne unser Einverst\u00e4ndnis kopiert oder anderweitig genutzt werden. Alle Rechte vorbehalten.<\/p>\n<p><strong>14. Links auf unseren Seiten<\/strong><\/p>\n<p>Wir distanzieren uns hiermit ausdr\u00fccklich von allen Inhalten s\u00e4mtlicher gelinkten Seiten auf dieser Homepage. Diese Erkl\u00e4rung gilt f\u00fcr alle auf unseren Internetseiten angebrachten Links.<\/p>\n<p><strong>15. Sonstiges<\/strong><\/p>\n<p>Wir haben keinen Einfluss darauf, wenn Artikel von unseren Lieferanten aus dem Programm genommen werden und somit nicht mehr lieferbar sind oder in Art und Ausf\u00fchrung ge\u00e4ndert wurden. Sollte uns vom Lieferanten ein Ersatzartikel angeboten werden, so werden wir Sie dar\u00fcber informieren. Ein Schadensersatzanspruch wegen nicht mehr lieferbarer Artikel kann nicht gegen uns geltend gemacht werden. Preis\u00e4nderungen einzelner Artikel behalten wir uns vor.<\/p>\n<p><strong>16. G\u00fcltigkeit der AGB<\/strong><\/p>\n<p>Mit einer Bestellung werden die Allgemeinen Gesch\u00e4ftsbedingungen des Online-Shops promo-szemuveg.hu anerkannt. Sollte eine Bestimmung dieser Allgemeinen Gesch\u00e4ftsbedingungen, aus welchem Grund auch immer, nichtig sein, bleibt die Geltung der \u00fcbrigen Bestimmungen hiervon unber\u00fchrt. M\u00fcndliche Absprachen bed\u00fcrfen der schriftlichen Best\u00e4tigung. Erf\u00fcllungsort und Gerichtsstand ist, soweit gesetzlich nicht anders geregelt, 4020 Linz, \u00d6sterreich.<\/p>\n<p>&nbsp;<\/p>\n","protected":false},"excerpt":{"rendered":"<p>1. Allgemeines Alle Angebote und Leistungen, die von www.promo-szemuveg.hu f\u00fcr den Kunden erbracht werden, sowie die Nutzung der Website www.promo-szemuveg.hu und alle zu dieser Domain geh\u00f6renden Subdomains, erfolgen ausschlie\u00dflich auf der Grundlage der nachfolgenden Allgemeinen Gesch\u00e4ftsbedingungen. Abweichende Regelungen haben nur dann Geltung, wenn sie zwischen dem\u00a0Verk\u00e4ufer und dem Kunden schriftlich vereinbart wurden. 2. Vertragsschluss im<\/p>\n","protected":false},"author":1,"featured_media":0,"parent":0,"menu_order":0,"comment_status":"closed","ping_status":"closed","template":"","meta":{"footnotes":""},"class_list":["post-172","page","type-page","status-publish","hentry"],"yoast_head":"<!-- This site is optimized with the Yoast SEO plugin v17.6 - https:\/\/yoast.com\/wordpress\/plugins\/seo\/ -->\n<meta name=\"robots\" content=\"index, follow, max-snippet:-1, max-image-preview:large, max-video-preview:-1\" \/>\n<link rel=\"canonical\" href=\"https:\/\/www.promo-szemuveg.hu\/?page_id=172\" \/>\n<meta property=\"og:locale\" content=\"en_US\" \/>\n<meta property=\"og:type\" content=\"article\" \/>\n<meta property=\"og:title\" content=\"Felt\u00e9telek - promo-szem\u00fcveg\" \/>\n<meta property=\"og:description\" content=\"1. Allgemeines Alle Angebote und Leistungen, die von www.promo-szemuveg.hu f\u00fcr den Kunden erbracht werden, sowie die Nutzung der Website www.promo-szemuveg.hu und alle zu dieser Domain geh\u00f6renden Subdomains, erfolgen ausschlie\u00dflich auf der Grundlage der nachfolgenden Allgemeinen Gesch\u00e4ftsbedingungen. Abweichende Regelungen haben nur dann Geltung, wenn sie zwischen dem\u00a0Verk\u00e4ufer und dem Kunden schriftlich vereinbart wurden. 2. Vertragsschluss im\" \/>\n<meta property=\"og:url\" content=\"https:\/\/www.promo-szemuveg.hu\/?page_id=172\" \/>\n<meta property=\"og:site_name\" content=\"promo-szem\u00fcveg\" \/>\n<meta property=\"article:modified_time\" content=\"2015-07-14T14:19:02+00:00\" \/>\n<meta name=\"twitter:card\" content=\"summary\" \/>\n<meta name=\"twitter:label1\" content=\"Est. reading time\" \/>\n\t<meta name=\"twitter:data1\" content=\"11 minutes\" \/>\n<script type=\"application\/ld+json\" class=\"yoast-schema-graph\">{\"@context\":\"https:\/\/schema.org\",\"@graph\":[{\"@type\":\"WebSite\",\"@id\":\"https:\/\/www.promo-szemuveg.hu\/#website\",\"url\":\"https:\/\/www.promo-szemuveg.hu\/\",\"name\":\"promo-szem\\u00fcveg\",\"description\":\"\",\"potentialAction\":[{\"@type\":\"SearchAction\",\"target\":{\"@type\":\"EntryPoint\",\"urlTemplate\":\"https:\/\/www.promo-szemuveg.hu\/?s={search_term_string}\"},\"query-input\":\"required name=search_term_string\"}],\"inLanguage\":\"en-US\"},{\"@type\":\"WebPage\",\"@id\":\"https:\/\/www.promo-szemuveg.hu\/?page_id=172#webpage\",\"url\":\"https:\/\/www.promo-szemuveg.hu\/?page_id=172\",\"name\":\"Felt\\u00e9telek - promo-szem\\u00fcveg\",\"isPartOf\":{\"@id\":\"https:\/\/www.promo-szemuveg.hu\/#website\"},\"datePublished\":\"2015-06-29T13:19:08+00:00\",\"dateModified\":\"2015-07-14T14:19:02+00:00\",\"breadcrumb\":{\"@id\":\"https:\/\/www.promo-szemuveg.hu\/?page_id=172#breadcrumb\"},\"inLanguage\":\"en-US\",\"potentialAction\":[{\"@type\":\"ReadAction\",\"target\":[\"https:\/\/www.promo-szemuveg.hu\/?page_id=172\"]}]},{\"@type\":\"BreadcrumbList\",\"@id\":\"https:\/\/www.promo-szemuveg.hu\/?page_id=172#breadcrumb\",\"itemListElement\":[{\"@type\":\"ListItem\",\"position\":1,\"name\":\"Home\",\"item\":\"https:\/\/www.promo-szemuveg.hu\/\"},{\"@type\":\"ListItem\",\"position\":2,\"name\":\"Felt\\u00e9telek\"}]}]}<\/script>\n<!-- \/ Yoast SEO plugin. -->","yoast_head_json":{"robots":{"index":"index","follow":"follow","max-snippet":"max-snippet:-1","max-image-preview":"max-image-preview:large","max-video-preview":"max-video-preview:-1"},"canonical":"https:\/\/www.promo-szemuveg.hu\/?page_id=172","og_locale":"en_US","og_type":"article","og_title":"Felt\u00e9telek - promo-szem\u00fcveg","og_description":"1. Allgemeines Alle Angebote und Leistungen, die von www.promo-szemuveg.hu f\u00fcr den Kunden erbracht werden, sowie die Nutzung der Website www.promo-szemuveg.hu und alle zu dieser Domain geh\u00f6renden Subdomains, erfolgen ausschlie\u00dflich auf der Grundlage der nachfolgenden Allgemeinen Gesch\u00e4ftsbedingungen. Abweichende Regelungen haben nur dann Geltung, wenn sie zwischen dem\u00a0Verk\u00e4ufer und dem Kunden schriftlich vereinbart wurden. 2. Vertragsschluss im","og_url":"https:\/\/www.promo-szemuveg.hu\/?page_id=172","og_site_name":"promo-szem\u00fcveg","article_modified_time":"2015-07-14T14:19:02+00:00","twitter_card":"summary","twitter_misc":{"Est. reading time":"11 minutes"},"schema":{"@context":"https:\/\/schema.org","@graph":[{"@type":"WebSite","@id":"https:\/\/www.promo-szemuveg.hu\/#website","url":"https:\/\/www.promo-szemuveg.hu\/","name":"promo-szem\u00fcveg","description":"","potentialAction":[{"@type":"SearchAction","target":{"@type":"EntryPoint","urlTemplate":"https:\/\/www.promo-szemuveg.hu\/?s={search_term_string}"},"query-input":"required name=search_term_string"}],"inLanguage":"en-US"},{"@type":"WebPage","@id":"https:\/\/www.promo-szemuveg.hu\/?page_id=172#webpage","url":"https:\/\/www.promo-szemuveg.hu\/?page_id=172","name":"Felt\u00e9telek - promo-szem\u00fcveg","isPartOf":{"@id":"https:\/\/www.promo-szemuveg.hu\/#website"},"datePublished":"2015-06-29T13:19:08+00:00","dateModified":"2015-07-14T14:19:02+00:00","breadcrumb":{"@id":"https:\/\/www.promo-szemuveg.hu\/?page_id=172#breadcrumb"},"inLanguage":"en-US","potentialAction":[{"@type":"ReadAction","target":["https:\/\/www.promo-szemuveg.hu\/?page_id=172"]}]},{"@type":"BreadcrumbList","@id":"https:\/\/www.promo-szemuveg.hu\/?page_id=172#breadcrumb","itemListElement":[{"@type":"ListItem","position":1,"name":"Home","item":"https:\/\/www.promo-szemuveg.hu\/"},{"@type":"ListItem","position":2,"name":"Felt\u00e9telek"}]}]}},"_links":{"self":[{"href":"https:\/\/www.promo-szemuveg.hu\/index.php?rest_route=\/wp\/v2\/pages\/172","targetHints":{"allow":["GET"]}}],"collection":[{"href":"https:\/\/www.promo-szemuveg.hu\/index.php?rest_route=\/wp\/v2\/pages"}],"about":[{"href":"https:\/\/www.promo-szemuveg.hu\/index.php?rest_route=\/wp\/v2\/types\/page"}],"author":[{"embeddable":true,"href":"https:\/\/www.promo-szemuveg.hu\/index.php?rest_route=\/wp\/v2\/users\/1"}],"replies":[{"embeddable":true,"href":"https:\/\/www.promo-szemuveg.hu\/index.php?rest_route=%2Fwp%2Fv2%2Fcomments&post=172"}],"version-history":[{"count":3,"href":"https:\/\/www.promo-szemuveg.hu\/index.php?rest_route=\/wp\/v2\/pages\/172\/revisions"}],"predecessor-version":[{"id":460,"href":"https:\/\/www.promo-szemuveg.hu\/index.php?rest_route=\/wp\/v2\/pages\/172\/revisions\/460"}],"wp:attachment":[{"href":"https:\/\/www.promo-szemuveg.hu\/index.php?rest_route=%2Fwp%2Fv2%2Fmedia&parent=172"}],"curies":[{"name":"wp","href":"https:\/\/api.w.org\/{rel}","templated":true}]}}